{"id":2971,"date":"2025-03-13T08:54:44","date_gmt":"2025-03-13T07:54:44","guid":{"rendered":"https:\/\/xn--kersbergaelektriska-zwb.se\/?page_id=2971"},"modified":"2025-03-29T13:39:13","modified_gmt":"2025-03-29T12:39:13","slug":"kontakt-elektriker-vallentuna-trygga-och-sakra-elsystem","status":"publish","type":"page","link":"https:\/\/elektrikervallentuna.se\/?page_id=2971","title":{"rendered":"Kontakt"},"content":{"rendered":"","protected":false},"excerpt":{"rendered":"","protected":false},"author":1,"featured_media":0,"parent":0,"menu_order":0,"comment_status":"closed","ping_status":"closed","template":"","meta":{"_uag_custom_page_level_css":"","site-sidebar-layout":"no-sidebar","site-content-layout":"page-builder","ast-site-content-layout":"full-width-container","site-content-style":"default","site-sidebar-style":"default","ast-global-header-display":"","ast-banner-title-visibility":"","ast-main-header-display":"","ast-hfb-above-header-display":"","ast-hfb-below-header-display":"","ast-hfb-mobile-header-display":"","site-post-title":"disabled","ast-breadcrumbs-content":"","ast-featured-img":"disabled","footer-sml-layout":"","theme-transparent-header-meta":"","adv-header-id-meta":"","stick-header-meta":"","header-above-stick-meta":"","header-main-stick-meta":"","header-below-stick-meta":"","astra-migrate-meta-layouts":"set","ast-page-background-enabled":"default","ast-page-background-meta":{"desktop":{"background-color":"var(--ast-global-color-4)","background-image":"","background-repeat":"repeat","background-position":"center center","background-size":"auto","background-attachment":"scroll","background-type":"","background-media":"","overlay-type":"","overlay-color":"","overlay-opacity":"","overlay-gradient":""},"tablet":{"background-color":"","background-image":"","background-repeat":"repeat","background-position":"center center","background-size":"auto","background-attachment":"scroll","background-type":"","background-media":"","overlay-type":"","overlay-color":"","overlay-opacity":"","overlay-gradient":""},"mobile":{"background-color":"","background-image":"","background-repeat":"repeat","background-position":"center center","background-size":"auto","background-attachment":"scroll","background-type":"","background-media":"","overlay-type":"","overlay-color":"","overlay-opacity":"","overlay-gradient":""}},"ast-content-background-meta":{"desktop":{"background-color":"var(--ast-global-color-5)","background-image":"","background-repeat":"repeat","background-position":"center center","background-size":"auto","background-attachment":"scroll","background-type":"","background-media":"","overlay-type":"","overlay-color":"","overlay-opacity":"","overlay-gradient":""},"tablet":{"background-color":"var(--ast-global-color-5)","background-image":"","background-repeat":"repeat","background-position":"center center","background-size":"auto","background-attachment":"scroll","background-type":"","background-media":"","overlay-type":"","overlay-color":"","overlay-opacity":"","overlay-gradient":""},"mobile":{"background-color":"var(--ast-global-color-5)","background-image":"","background-repeat":"repeat","background-position":"center center","background-size":"auto","background-attachment":"scroll","background-type":"","background-media":"","overlay-type":"","overlay-color":"","overlay-opacity":"","overlay-gradient":""}},"footnotes":""},"class_list":["post-2971","page","type-page","status-publish","hentry"],"yoast_head":"<!-- This site is optimized with the Yoast SEO plugin v24.7 - https:\/\/yoast.com\/wordpress\/plugins\/seo\/ -->\n<title>Elektriker Vallentuna | Allt inom el | ElJour, installationer, Service<\/title>\n<meta name=\"description\" content=\"Elektriker Vallentuna. Vi \u00e4r experter p\u00e5 allt som r\u00f6r service och underh\u00e5ll av befintliga elinstallationer samt installation av ny el.\" \/>\n<meta name=\"robots\" content=\"index, follow, max-snippet:-1, max-image-preview:large, max-video-preview:-1\" \/>\n<link rel=\"canonical\" href=\"https:\/\/elektrikervallentuna.se\/?page_id=2971\" \/>\n<meta property=\"og:locale\" content=\"sv_SE\" \/>\n<meta property=\"og:type\" content=\"article\" \/>\n<meta property=\"og:title\" content=\"Elektriker Vallentuna | Allt inom el | ElJour, installationer, Service\" \/>\n<meta property=\"og:description\" content=\"Elektriker Vallentuna. Vi \u00e4r experter p\u00e5 allt som r\u00f6r service och underh\u00e5ll av befintliga elinstallationer samt installation av ny el.\" \/>\n<meta property=\"og:url\" content=\"https:\/\/elektrikervallentuna.se\/?page_id=2971\" \/>\n<meta property=\"article:publisher\" content=\"https:\/\/www.facebook.com\/profile.php?id=61555924331954\" \/>\n<meta property=\"article:modified_time\" content=\"2025-03-29T12:39:13+00:00\" \/>\n<meta name=\"twitter:card\" content=\"summary_large_image\" \/>\n<script type=\"application\/ld+json\" class=\"yoast-schema-graph\">{\"@context\":\"https:\/\/schema.org\",\"@graph\":[{\"@type\":\"WebPage\",\"@id\":\"https:\/\/elektrikervallentuna.se\/?page_id=2971\",\"url\":\"https:\/\/elektrikervallentuna.se\/?page_id=2971\",\"name\":\"Elektriker Vallentuna | Allt inom el | ElJour, installationer, Service\",\"isPartOf\":{\"@id\":\"https:\/\/elektrikervallentuna.se\/#website\"},\"datePublished\":\"2025-03-13T07:54:44+00:00\",\"dateModified\":\"2025-03-29T12:39:13+00:00\",\"description\":\"Elektriker Vallentuna. Vi \u00e4r experter p\u00e5 allt som r\u00f6r service och underh\u00e5ll av befintliga elinstallationer samt installation av ny el.\",\"breadcrumb\":{\"@id\":\"https:\/\/elektrikervallentuna.se\/?page_id=2971#breadcrumb\"},\"inLanguage\":\"sv-SE\",\"potentialAction\":[{\"@type\":\"ReadAction\",\"target\":[\"https:\/\/elektrikervallentuna.se\/?page_id=2971\"]}]},{\"@type\":\"BreadcrumbList\",\"@id\":\"https:\/\/elektrikervallentuna.se\/?page_id=2971#breadcrumb\",\"itemListElement\":[{\"@type\":\"ListItem\",\"position\":1,\"name\":\"Home\",\"item\":\"https:\/\/elektrikervallentuna.se\/\"},{\"@type\":\"ListItem\",\"position\":2,\"name\":\"Kontakt\"}]},{\"@type\":\"WebSite\",\"@id\":\"https:\/\/elektrikervallentuna.se\/#website\",\"url\":\"https:\/\/elektrikervallentuna.se\/\",\"name\":\"Elektriker \u00c5kersberga och Stockholm - ElektrikerNu i Sverige AB\",\"description\":\"\",\"publisher\":{\"@id\":\"https:\/\/elektrikervallentuna.se\/#organization\"},\"potentialAction\":[{\"@type\":\"SearchAction\",\"target\":{\"@type\":\"EntryPoint\",\"urlTemplate\":\"https:\/\/elektrikervallentuna.se\/?s={search_term_string}\"},\"query-input\":{\"@type\":\"PropertyValueSpecification\",\"valueRequired\":true,\"valueName\":\"search_term_string\"}}],\"inLanguage\":\"sv-SE\"},{\"@type\":\"Organization\",\"@id\":\"https:\/\/elektrikervallentuna.se\/#organization\",\"name\":\"ElektrikerNu i Sverige AB\",\"url\":\"https:\/\/elektrikervallentuna.se\/\",\"logo\":{\"@type\":\"ImageObject\",\"inLanguage\":\"sv-SE\",\"@id\":\"https:\/\/elektrikervallentuna.se\/#\/schema\/logo\/image\/\",\"url\":\"https:\/\/elektrikervallentuna.se\/wp-content\/uploads\/2025\/03\/cropped-Logo-23-1.webp\",\"contentUrl\":\"https:\/\/elektrikervallentuna.se\/wp-content\/uploads\/2025\/03\/cropped-Logo-23-1.webp\",\"width\":1920,\"height\":639,\"caption\":\"ElektrikerNu i Sverige AB\"},\"image\":{\"@id\":\"https:\/\/elektrikervallentuna.se\/#\/schema\/logo\/image\/\"},\"sameAs\":[\"https:\/\/www.facebook.com\/profile.php?id=61555924331954\",\"https:\/\/www.instagram.com\/elektrikernu\/\"]}]}<\/script>\n<!-- \/ Yoast SEO plugin. -->","yoast_head_json":{"title":"Elektriker Vallentuna | Allt inom el | ElJour, installationer, Service","description":"Elektriker Vallentuna. Vi \u00e4r experter p\u00e5 allt som r\u00f6r service och underh\u00e5ll av befintliga elinstallationer samt installation av ny el.","robots":{"index":"index","follow":"follow","max-snippet":"max-snippet:-1","max-image-preview":"max-image-preview:large","max-video-preview":"max-video-preview:-1"},"canonical":"https:\/\/elektrikervallentuna.se\/?page_id=2971","og_locale":"sv_SE","og_type":"article","og_title":"Elektriker Vallentuna | Allt inom el | ElJour, installationer, Service","og_description":"Elektriker Vallentuna. Vi \u00e4r experter p\u00e5 allt som r\u00f6r service och underh\u00e5ll av befintliga elinstallationer samt installation av ny el.","og_url":"https:\/\/elektrikervallentuna.se\/?page_id=2971","article_publisher":"https:\/\/www.facebook.com\/profile.php?id=61555924331954","article_modified_time":"2025-03-29T12:39:13+00:00","twitter_card":"summary_large_image","schema":{"@context":"https:\/\/schema.org","@graph":[{"@type":"WebPage","@id":"https:\/\/elektrikervallentuna.se\/?page_id=2971","url":"https:\/\/elektrikervallentuna.se\/?page_id=2971","name":"Elektriker Vallentuna | Allt inom el | ElJour, installationer, Service","isPartOf":{"@id":"https:\/\/elektrikervallentuna.se\/#website"},"datePublished":"2025-03-13T07:54:44+00:00","dateModified":"2025-03-29T12:39:13+00:00","description":"Elektriker Vallentuna. Vi \u00e4r experter p\u00e5 allt som r\u00f6r service och underh\u00e5ll av befintliga elinstallationer samt installation av ny el.","breadcrumb":{"@id":"https:\/\/elektrikervallentuna.se\/?page_id=2971#breadcrumb"},"inLanguage":"sv-SE","potentialAction":[{"@type":"ReadAction","target":["https:\/\/elektrikervallentuna.se\/?page_id=2971"]}]},{"@type":"BreadcrumbList","@id":"https:\/\/elektrikervallentuna.se\/?page_id=2971#breadcrumb","itemListElement":[{"@type":"ListItem","position":1,"name":"Home","item":"https:\/\/elektrikervallentuna.se\/"},{"@type":"ListItem","position":2,"name":"Kontakt"}]},{"@type":"WebSite","@id":"https:\/\/elektrikervallentuna.se\/#website","url":"https:\/\/elektrikervallentuna.se\/","name":"Elektriker \u00c5kersberga och Stockholm - ElektrikerNu i Sverige AB","description":"","publisher":{"@id":"https:\/\/elektrikervallentuna.se\/#organization"},"potentialAction":[{"@type":"SearchAction","target":{"@type":"EntryPoint","urlTemplate":"https:\/\/elektrikervallentuna.se\/?s={search_term_string}"},"query-input":{"@type":"PropertyValueSpecification","valueRequired":true,"valueName":"search_term_string"}}],"inLanguage":"sv-SE"},{"@type":"Organization","@id":"https:\/\/elektrikervallentuna.se\/#organization","name":"ElektrikerNu i Sverige AB","url":"https:\/\/elektrikervallentuna.se\/","logo":{"@type":"ImageObject","inLanguage":"sv-SE","@id":"https:\/\/elektrikervallentuna.se\/#\/schema\/logo\/image\/","url":"https:\/\/elektrikervallentuna.se\/wp-content\/uploads\/2025\/03\/cropped-Logo-23-1.webp","contentUrl":"https:\/\/elektrikervallentuna.se\/wp-content\/uploads\/2025\/03\/cropped-Logo-23-1.webp","width":1920,"height":639,"caption":"ElektrikerNu i Sverige AB"},"image":{"@id":"https:\/\/elektrikervallentuna.se\/#\/schema\/logo\/image\/"},"sameAs":["https:\/\/www.facebook.com\/profile.php?id=61555924331954","https:\/\/www.instagram.com\/elektrikernu\/"]}]}},"uagb_featured_image_src":{"full":false,"thumbnail":false,"medium":false,"medium_large":false,"large":false,"1536x1536":false,"2048x2048":false},"uagb_author_info":{"display_name":"ruzzel.jk@gmail.com","author_link":"https:\/\/elektrikervallentuna.se\/?author=1"},"uagb_comment_info":0,"uagb_excerpt":null,"_links":{"self":[{"href":"https:\/\/elektrikervallentuna.se\/index.php?rest_route=\/wp\/v2\/pages\/2971","targetHints":{"allow":["GET"]}}],"collection":[{"href":"https:\/\/elektrikervallentuna.se\/index.php?rest_route=\/wp\/v2\/pages"}],"about":[{"href":"https:\/\/elektrikervallentuna.se\/index.php?rest_route=\/wp\/v2\/types\/page"}],"author":[{"embeddable":true,"href":"https:\/\/elektrikervallentuna.se\/index.php?rest_route=\/wp\/v2\/users\/1"}],"replies":[{"embeddable":true,"href":"https:\/\/elektrikervallentuna.se\/index.php?rest_route=%2Fwp%2Fv2%2Fcomments&post=2971"}],"version-history":[{"count":1,"href":"https:\/\/elektrikervallentuna.se\/index.php?rest_route=\/wp\/v2\/pages\/2971\/revisions"}],"predecessor-version":[{"id":2972,"href":"https:\/\/elektrikervallentuna.se\/index.php?rest_route=\/wp\/v2\/pages\/2971\/revisions\/2972"}],"wp:attachment":[{"href":"https:\/\/elektrikervallentuna.se\/index.php?rest_route=%2Fwp%2Fv2%2Fmedia&parent=2971"}],"curies":[{"name":"wp","href":"https:\/\/api.w.org\/{rel}","templated":true}]}}